{"id":45,"date":"2020-09-16T11:36:15","date_gmt":"2020-09-16T08:36:15","guid":{"rendered":"http:\/\/vpu29.lviv.ua\/?page_id=45"},"modified":"2025-03-21T15:23:07","modified_gmt":"2025-03-21T13:23:07","slug":"anti-bullying","status":"publish","type":"page","link":"https:\/\/vpu29.lviv.ua\/pl\/pupils-teachers\/anti-bullying\/","title":{"rendered":"Przeciwdzia\u0142anie przemocy r\u00f3wie\u015bniczej"},"content":{"rendered":"","protected":false},"excerpt":{"rendered":"","protected":false},"author":1,"featured_media":0,"parent":21,"menu_order":11,"comment_status":"closed","ping_status":"closed","template":"template-templates.php","meta":{"_acf_changed":false,"footnotes":""},"class_list":["post-45","page","type-page","status-publish","hentry"],"acf":[],"_links":{"self":[{"href":"https:\/\/vpu29.lviv.ua\/pl\/wp-json\/wp\/v2\/pages\/45","targetHints":{"allow":["GET"]}}],"collection":[{"href":"https:\/\/vpu29.lviv.ua\/pl\/wp-json\/wp\/v2\/pages"}],"about":[{"href":"https:\/\/vpu29.lviv.ua\/pl\/wp-json\/wp\/v2\/types\/page"}],"author":[{"embeddable":true,"href":"https:\/\/vpu29.lviv.ua\/pl\/wp-json\/wp\/v2\/users\/1"}],"replies":[{"embeddable":true,"href":"https:\/\/vpu29.lviv.ua\/pl\/wp-json\/wp\/v2\/comments?post=45"}],"version-history":[{"count":24,"href":"https:\/\/vpu29.lviv.ua\/pl\/wp-json\/wp\/v2\/pages\/45\/revisions"}],"predecessor-version":[{"id":7090,"href":"https:\/\/vpu29.lviv.ua\/pl\/wp-json\/wp\/v2\/pages\/45\/revisions\/7090"}],"up":[{"embeddable":true,"href":"https:\/\/vpu29.lviv.ua\/pl\/wp-json\/wp\/v2\/pages\/21"}],"wp:attachment":[{"href":"https:\/\/vpu29.lviv.ua\/pl\/wp-json\/wp\/v2\/media?parent=45"}],"curies":[{"name":"wp","href":"https:\/\/api.w.org\/{rel}","templated":true}]}}